{"id":184,"date":"2021-03-15T12:26:26","date_gmt":"2021-03-15T12:26:26","guid":{"rendered":"https:\/\/vintagelove.cl\/?page_id=184"},"modified":"2021-03-15T12:57:33","modified_gmt":"2021-03-15T12:57:33","slug":"despachos-y-garantias","status":"publish","type":"page","link":"https:\/\/vintagelove.cl\/?page_id=184","title":{"rendered":"Despachos y Garant\u00edas"},"content":{"rendered":"<p><\/p>\n<p><span style=\"font-family: verdana, geneva, sans-serif;\"><img loading=\"lazy\" decoding=\"async\" class=\"wp-image-180 size-full aligncenter\" src=\"https:\/\/vintagelove.cl\/wp-content\/uploads\/2021\/03\/label200.png\" alt=\"\" width=\"949\" height=\"146\" srcset=\"https:\/\/vintagelove.cl\/wp-content\/uploads\/2021\/03\/label200.png 949w, https:\/\/vintagelove.cl\/wp-content\/uploads\/2021\/03\/label200-800x123.png 800w, https:\/\/vintagelove.cl\/wp-content\/uploads\/2021\/03\/label200-768x118.png 768w, https:\/\/vintagelove.cl\/wp-content\/uploads\/2021\/03\/label200-600x92.png 600w\" sizes=\"auto, (max-width: 949px) 100vw, 949px\" \/><\/span><\/p>\n<p><span style=\"font-family: verdana, geneva, sans-serif;\">Despachamos a todo Chile por Correos de Chile o Chilexpress por pagar.<\/span><\/p>\n<p><span style=\"font-family: verdana, geneva, sans-serif;\">Tiempo de despacho (entrega en oficina de Courier):<\/span><\/p>\n<ul>\n<li><span style=\"font-family: verdana, geneva, sans-serif;\"> Productos en stock: 3 d\u00edas h\u00e1biles.<\/span><\/li>\n<li><span style=\"font-family: verdana, geneva, sans-serif;\">Productos a producci\u00f3n: 7 d\u00edas h\u00e1biles.<\/span><\/li>\n<\/ul>\n<p><\/p>","protected":false},"excerpt":{"rendered":"<p>Despachamos a todo Chile por Correos de Chile o Chilexpress por pagar. Tiempo de despacho (entrega en oficina de Courier): Productos en stock: 3 d\u00edas h\u00e1biles. Productos a producci\u00f3n: 7 d\u00edas h\u00e1biles.<\/p>\n","protected":false},"author":1,"featured_media":0,"parent":0,"menu_order":0,"comment_status":"closed","ping_status":"closed","template":"","meta":{"_joinchat":[],"footnotes":""},"class_list":["post-184","page","type-page","status-publish","hentry"],"_links":{"self":[{"href":"https:\/\/vintagelove.cl\/index.php?rest_route=\/wp\/v2\/pages\/184","targetHints":{"allow":["GET"]}}],"collection":[{"href":"https:\/\/vintagelove.cl\/index.php?rest_route=\/wp\/v2\/pages"}],"about":[{"href":"https:\/\/vintagelove.cl\/index.php?rest_route=\/wp\/v2\/types\/page"}],"author":[{"embeddable":true,"href":"https:\/\/vintagelove.cl\/index.php?rest_route=\/wp\/v2\/users\/1"}],"replies":[{"embeddable":true,"href":"https:\/\/vintagelove.cl\/index.php?rest_route=%2Fwp%2Fv2%2Fcomments&post=184"}],"version-history":[{"count":2,"href":"https:\/\/vintagelove.cl\/index.php?rest_route=\/wp\/v2\/pages\/184\/revisions"}],"predecessor-version":[{"id":186,"href":"https:\/\/vintagelove.cl\/index.php?rest_route=\/wp\/v2\/pages\/184\/revisions\/186"}],"wp:attachment":[{"href":"https:\/\/vintagelove.cl\/index.php?rest_route=%2Fwp%2Fv2%2Fmedia&parent=184"}],"curies":[{"name":"wp","href":"https:\/\/api.w.org\/{rel}","templated":true}]}}